{"id":2,"date":"2020-12-31T11:00:15","date_gmt":"2020-12-31T11:00:15","guid":{"rendered":"https:\/\/parafia.bystrzyca.eu\/?page_id=2"},"modified":"2025-06-28T21:17:53","modified_gmt":"2025-06-28T21:17:53","slug":"sample-page","status":"publish","type":"page","link":"https:\/\/parafia.bystrzyca.eu\/","title":{"rendered":"\u2014\u2014\u2014\u2014\u2014"},"content":{"rendered":"<p style=\"text-align: center;\"><strong>Transmisja Mszy \u015awi\u0119tej<\/strong><\/p>\r\n<p style=\"text-align: center;\">Transmisja dost\u0119pna w czasie godzin Mszy \u015awi\u0119tej.<\/p>\r\n\u00a0<iframe style=\"width: 741px; height: 417px;\" src=\"https:\/\/streaming.airmax.pl\/bystrzyca_klodzka\/embed.html\" frameborder=\"0\" allowfullscreen=\"allowfullscreen\"><\/iframe>\r\n\r\n<hr \/>\r\n<p style=\"text-align: center;\"><strong><span style=\"font-size: 18pt;\"><span style=\"font-size: 24pt;\">MSZE \u015aWI\u0118TE<\/span>\r\n<\/span>\r\n<span style=\"font-size: 14pt;\">Ko\u015bci\u00f3\u0142 parafialny<\/span>\r\n<\/strong><span style=\"font-size: 12pt;\">Dni powszednie: godz. 6.30, 18.00<\/span>\r\n<span style=\"font-size: 12pt;\">Niedziele i \u015bwi\u0119ta: godz. 7.30, 9.00, 10.30, 12.00, 18.00<\/span><\/p>\r\n<span style=\"font-size: 14pt;\"><strong>Filie:<\/strong><\/span>\r\n<span style=\"font-size: 12pt;\">Zalesie, ko\u015bci\u00f3\u0142 pw. \u015bw. Anny &#8211; niedziela godz. 9.30<\/span>\r\n<span style=\"font-size: 12pt;\">Wyszki, ko\u015bci\u00f3\u0142 pw. \u015bw. Jana Chrzciciela &#8211; niedziela godz. 11.00<\/span>\r\n\r\n<span style=\"font-size: 14pt;\"><strong>Sakrament Pokuty i Pojednania<\/strong><\/span>\r\n<span style=\"font-size: 12pt;\">15 min przed ka\u017cd\u0105 Msz\u0105 \u015aw.\u00a0<\/span>\r\n<span style=\"font-size: 12pt;\">oraz w pierwszy pi\u0105tek miesi\u0105ca od godz. 17.00 do 18.00<\/span>\r\n<p style=\"text-align: center;\"><span style=\"font-size: 14pt;\"><strong>Kancelaria parafialna<\/strong> <\/span>\r\n<span style=\"font-size: 12pt;\">czynna we wtorki i czwartki od godz. 16.00 do 17.00<\/span><\/p>\r\n\r\n\r\n<hr \/>\r\n<p style=\"text-align: center;\"><span style=\"font-size: 18pt;\"><strong>WIECZYSTA ADORACJA\r\n<\/strong><strong>8 stycznia <\/strong>oraz <strong>10 lipca<\/strong><\/span><\/p>\r\n<span style=\"font-size: 14pt;\"><strong>Dodatkowe nabo\u017ce\u0144stwa:<\/strong><\/span>\r\n<span style=\"font-size: 12pt;\"><strong>Nowenna do Matki Bo\u017cej Niestaj\u0105cej Pomocy<\/strong>: ka\u017cda \u015broda &#8211; godz. 18.00<\/span>\r\n<span style=\"font-size: 12pt;\"><strong>Koronka do Bo\u017cego Mi\u0142osierdzia<\/strong>: ka\u017cdy wtorek po Mszy \u015bw. wieczornej &#8211; godz. 18.30<\/span>\r\n<span style=\"font-size: 12pt;\"><strong>R\u00f3\u017caniec za Ojczyzn\u0119<\/strong>: niedziela &#8211; godz. 10.00<\/span>\r\n<span style=\"font-size: 12pt;\"><strong>R\u00f3\u017caniec w intencji rodzin, ma\u0142\u017ce\u0144stw i powo\u0142a\u0144:\u00a0<\/strong><\/span><span style=\"font-size: 12pt;\">I-szy czwartek miesi\u0105ca &#8211; godz. 17.30<\/span>\r\n\r\n<strong><span style=\"font-size: 14pt;\">Wystawienie Naj\u015bwi\u0119tszego Sakramentu:<\/span><\/strong>\r\n<span style=\"font-size: 12pt;\"><strong>Nabo\u017ce\u0144stwo pierwszoczwartkowe<\/strong> od godz. 17.00\r\n&#8211; Litania do Najdro\u017cszej Krwi Chrystusa\r\n<strong>Nabo\u017ce\u0144stwo pierwszopi\u0105tkowe<\/strong> od godz. 17.00\r\n&#8211; Litania do Naj\u015bwi\u0119tszego Serca Pana Jezusa<\/span>\r\n\r\n<span style=\"font-size: 14pt;\"><strong>Nabo\u017ce\u0144stwa okoliczno\u015bciowe:<\/strong><\/span>\r\n<strong><span style=\"font-size: 12pt;\">Droga Krzy\u017cowa<\/span><\/strong><span style=\"font-size: 12pt;\"> &#8211; pi\u0105tek Wielkiego Postu:<\/span>\r\n<span style=\"font-size: 12pt;\">\u00a0 \u00a0 \u00a0 \u00a0 \u00a0 &#8211; dla dzieci i<\/span><span style=\"font-size: 12pt;\">\u00a0dla m\u0142odzie\u017cy &#8211; godz. 17.00, <\/span>\r\n<span style=\"font-size: 12pt;\">\u00a0 \u00a0 \u00a0 \u00a0 \u00a0 &#8211; dla doros\u0142ych &#8211; po Mszy \u015bw. wieczornej<\/span>\r\n<strong><span style=\"font-size: 12pt;\">Gorzkie \u017bale<\/span><\/strong><span style=\"font-size: 12pt;\"> &#8211; niedziela Wielkiego Postu<\/span>\r\n<span style=\"font-size: 12pt;\">\u00a0 \u00a0 \u00a0 \u00a0 \u00a0 &#8211; godz. 17.15<\/span>\r\n<span style=\"font-size: 12pt;\"><strong>Nabo\u017ce\u0144stwo majowe<\/strong> z Litani\u0105 Loreta\u0144sk\u0105<\/span>\r\n<span style=\"font-size: 12pt;\">\u00a0 \u00a0 \u00a0 \u00a0 \u00a0 &#8211; w tygodniu po Mszy \u015bw. wieczornej<\/span>\r\n<span style=\"font-size: 12pt;\">\u00a0 \u00a0 \u00a0 \u00a0 \u00a0 &#8211; w niedziele o godz. 17.30<\/span>\r\n<span style=\"font-size: 12pt;\"><strong>Nabo\u017ce\u0144stwo czerwcowe<\/strong> z Litani\u0105 do Naj\u015bwi\u0119tszego Serca Pana Jezusa<\/span>\r\n<span style=\"font-size: 12pt;\">\u00a0 \u00a0 \u00a0 \u00a0 \u00a0 &#8211; w tygodniu po Mszy \u015bw. wieczornej<\/span>\r\n<span style=\"font-size: 12pt;\">\u00a0 \u00a0 \u00a0 \u00a0 \u00a0 &#8211; w niedziele o godz. 17.30<\/span>\r\n<span style=\"font-size: 12pt;\"><strong>Nabo\u017ce\u0144stwo r\u00f3\u017ca\u0144cowe<\/strong> w pa\u017adzierniku<\/span>\r\n<span style=\"font-size: 12pt;\">\u00a0 \u00a0 \u00a0 \u00a0 \u00a0 &#8211; dla dzieci: poniedzia\u0142ek, \u015broda, pi\u0105tek o godz. 17.00<\/span>\r\n<span style=\"font-size: 12pt;\">\u00a0 \u00a0 \u00a0 \u00a0 \u00a0 &#8211; dla doros\u0142ych: codziennie o godz. 17.30<\/span>\r\n<span style=\"font-size: 12pt;\"><strong>Nabo\u017ce\u0144stwo wypominkowe<\/strong> w listopadzie<\/span>\r\n<span style=\"font-size: 12pt;\">\u00a0 \u00a0 \u00a0 \u00a0 \u00a0 &#8211; od poniedzia\u0142ku do soboty po Mszy \u015bw. wieczornej<\/span>\r\n<h2 style=\"text-align: center;\"><div id=\"fb-root\"><\/div>\r\n<script>\r\n\t(function(d, s, id) {\r\n\t\tvar js, fjs = d.getElementsByTagName(s)[0];\r\n\t\tif (d.getElementById(id)) return;\r\n\t\tjs = d.createElement(s);\r\n\t\tjs.id = id;\r\n\t\tjs.src =\r\n\t\t\t\"\/\/connect.facebook.net\/pl_PL\/sdk.js#xfbml=1&version=v2.7\";\r\n\t\tfjs.parentNode.insertBefore(js, fjs);\r\n\t}(document, 'script', 'facebook-jssdk'));\r\n<\/script>\r\n<div class=\"fb-like-box\"\r\n\tdata-height=\"560\"\r\n\tdata-href=\"https:\/\/www.facebook.com\/profile.php?id=100092331446282\"\r\n\tdata-show-border=\"true\"\r\n\tdata-show-faces=\"true\"\r\n\tdata-stream=\"true\"\r\n\tdata-width=\"292\"\r\n\tdata-force-wall=\"false\">\r\n<\/div>\r\n<\/h2>\r\n<div class=\"vatican-news p-0\" style='border: 3px solid #e0e0e0' >\n    \n        <div style='padding: 10px; margin: 0 0 15px 0; background-color: #CC0000'>\n            <a href='https:\/\/www.vaticannews.va\/'><img src='https:\/\/www.vaticannews.va\/etc\/designs\/vatican-news\/release\/library\/main\/images\/vatican-news-header-white_retina.png' width='150' alt='Vatican News'><\/a>\n        <\/div>\n        <h2 style='display: none;' aria-hidden='false'>Vatican News<\/h2>\n            <div class=\"row d-flex justify-content-center align-items-start text-small\">\n    \n            <div class='col-lg-4 col-md-3 col-sm-6 col-xs-12'>\n                <div class='card p-3 rounded my-2 shadow'>\n                    <img src='https:\/\/www.vaticannews.va\/content\/dam\/vaticannews\/multimedia\/2019\/04\/07\/hands-1950985.jpg\/_jcr_content\/renditions\/cq5dam.thumbnail.cropped.750.422.jpeg' alt='' class='img-fluid d-block border rounded'>\n                    <h3 class='my-2'><strong><a href='https:\/\/www.vaticannews.va\/pl\/swiat\/news\/2026-04\/rzad-usa-wstrzymal-pomoc-sierotom-na-florydzie-krytyka-biskupa.html' target='_blank'>Abp. Miami krytykuje decyzj\u0119 o wstrzymaniu pomocy dla dzieci-uchod\u017ac\u00f3w<\/a><\/strong><\/h3>\n                    <small class='text-muted'>(2026-04-17 13:39)<\/small>\n                    <p>Arcybiskup Miami Thomas Wenski w pisemnym o\u015bwiadczeniu poinformowa\u0142, \u017ce waszyngto\u0144ska administracja wstrzyma\u0142a dotacje dla charytatywnych dzie\u0142 diecezji na rzecz pozbawionych opieki nieletnich uchod\u017ac\u00f3w.  \n                    <a href=\"https:\/\/www.vaticannews.va\/pl\/swiat\/news\/2026-04\/rzad-usa-wstrzymal-pomoc-sierotom-na-florydzie-krytyka-biskupa.html\">Czytaj wszystko<\/a>\n                    &nbsp;<\/p>\n                <\/div>\n            <\/div>\n        \n            <div class='col-lg-4 col-md-3 col-sm-6 col-xs-12'>\n                <div class='card p-3 rounded my-2 shadow'>\n                    <img src='https:\/\/www.vaticannews.va\/content\/dam\/vaticannews\/agenzie\/images\/srv\/2026\/04\/17\/2026-04-17-viaggio-apostolico-in-camerun---santa-messa-al--japom\/1776421568809.JPG\/_jcr_content\/renditions\/cq5dam.thumbnail.cropped.750.422.jpeg' alt='' class='img-fluid d-block border rounded'>\n                    <h3 class='my-2'><strong><a href='https:\/\/www.vaticannews.va\/pl\/papiez\/news\/2026-04\/mocny-apel-papiez-leon-xiv-w-duali-afryka-chleb-dla-wszystkich.html' target='_blank'>Mocny apel Leona XIV w Duali: chleb dla wszystkich!<\/a><\/strong><\/h3>\n                    <small class='text-muted'>(2026-04-17 12:35)<\/small>\n                    <p>Widzicie, jak wielu ludzi jest g\u0142odnych, przyt\u0142oczonych zm\u0119czeniem. Co z tym czynicie? \u2013 wo\u0142a\u0142 Leon XIV podczas Eucharystii sprawowanej na stadionie \u201eJapoma\u201d w Duali, w obecno\u015bci ok. 120 tys. wiernych. \n                    <a href=\"https:\/\/www.vaticannews.va\/pl\/papiez\/news\/2026-04\/mocny-apel-papiez-leon-xiv-w-duali-afryka-chleb-dla-wszystkich.html\">Czytaj wszystko<\/a>\n                    &nbsp;<\/p>\n                <\/div>\n            <\/div>\n        \n            <div class='col-lg-4 col-md-3 col-sm-6 col-xs-12'>\n                <div class='card p-3 rounded my-2 shadow'>\n                    <img src='https:\/\/www.vaticannews.va\/content\/dam\/vaticannews\/agenzie\/images\/srv\/2019\/11\/19\/2019-11-19-viaggio-apostolico-in-thailandia-e-giappone\/1574592880565.jpg\/_jcr_content\/renditions\/cq5dam.thumbnail.cropped.750.422.jpeg' alt='' class='img-fluid d-block border rounded'>\n                    <h3 class='my-2'><strong><a href='https:\/\/www.vaticannews.va\/pl\/watykan\/news\/2026-04\/nauczanie-papiezy-a-bron-atomowa.html' target='_blank'>Nauczanie Papie\u017cy a bro\u0144 atomowa<\/a><\/strong><\/h3>\n                    <small class='text-muted'>(2026-04-17 11:49)<\/small>\n                    <p>S\u0142owa Nast\u0119pc\u00f3w Piotra przeciwko broni nuklearnej\n                    <a href=\"https:\/\/www.vaticannews.va\/pl\/watykan\/news\/2026-04\/nauczanie-papiezy-a-bron-atomowa.html\">Czytaj wszystko<\/a>\n                    &nbsp;<\/p>\n                <\/div>\n            <\/div>\n        \n            <div class='col-lg-4 col-md-3 col-sm-6 col-xs-12'>\n                <div class='card p-3 rounded my-2 shadow'>\n                    <img src='https:\/\/www.vaticannews.va\/content\/dam\/vaticannews\/multimedia\/2026\/aprile\/17\/4.jpg\/_jcr_content\/renditions\/cq5dam.thumbnail.cropped.750.422.jpeg' alt='' class='img-fluid d-block border rounded'>\n                    <h3 class='my-2'><strong><a href='https:\/\/www.vaticannews.va\/pl\/swiat\/news\/2026-04\/wojna-oczami-polskich-reporterow-wystawa-w-bazylice-sw-pawla.html' target='_blank'>Wojna oczami polskich reporter\u00f3w: wystawa w Bazylice \u015bw. Paw\u0142a<\/a><\/strong><\/h3>\n                    <small class='text-muted'>(2026-04-17 11:26)<\/small>\n                    <p>W jednej z czterech bazylik papieskich w Rzymie, gdzie spoczywaj\u0105 szcz\u0105tki Aposto\u0142a Paw\u0142a, dzi\u0119ki staraniom ambasad Rzeczypospolitej Polskiej i Ukrainy przy Stolicy Apostolskiej otwarta zosta\u0142a wystawa fotograficzna \u201eOczy wojny\u201d. Ukazuje ona wojenne cierpienia Ukrainy w czasie wojny na pe\u0142n\u0105 skal\u0119 po rosyjskiej agresji. Pomys\u0142odawc\u0105 ekspozycji, sfinansowanej przez polsk\u0105 Ambasad\u0119 przy Watykanie, prezentowanej ju\u017c w ponad 20 krajach, w tym w Wietnamie, by\u0142 Press Club Polska.\n                    <a href=\"https:\/\/www.vaticannews.va\/pl\/swiat\/news\/2026-04\/wojna-oczami-polskich-reporterow-wystawa-w-bazylice-sw-pawla.html\">Czytaj wszystko<\/a>\n                    &nbsp;<\/p>\n                <\/div>\n            <\/div>\n        \n            <div class='col-lg-4 col-md-3 col-sm-6 col-xs-12'>\n                <div class='card p-3 rounded my-2 shadow'>\n                    <img src='https:\/\/www.vaticannews.va\/content\/dam\/vaticannews\/agenzie\/images\/srv\/2026\/04\/16\/2026-04-15-viaggio-apostolico-in-camerun---incontro-con-i-vescov\/1776291371956.jpg\/_jcr_content\/renditions\/cq5dam.thumbnail.cropped.750.422.jpeg' alt='' class='img-fluid d-block border rounded'>\n                    <h3 class='my-2'><strong><a href='https:\/\/www.vaticannews.va\/pl\/papiez\/news\/2026-04\/leon-xiv-do-biskupow-kamerunu-jednosc-kluczem-do-pokoju.html' target='_blank'>Leon XIV do biskup\u00f3w Kamerunu: jedno\u015b\u0107 kluczem do pokoju<\/a><\/strong><\/h3>\n                    <small class='text-muted'>(2026-04-17 10:23)<\/small>\n                    <p>Jedno\u015b\u0107, ewangelizacja, dialog mi\u0119dzyreligijny oraz dramatyczna sytuacja m\u0142odych ludzi zmuszonych do emigracji - to g\u0142\u00f3wne tematy spotkania Papie\u017ca z biskupami Kamerunu. Leon XIV powr\u00f3ci\u0142 do kluczowych wyzwa\u0144 stoj\u0105cych przed Ko\u015bcio\u0142em w tym kraju - poinformowa\u0142o Biuro Prasowe Stolicy Apostolskiej.\n                    <a href=\"https:\/\/www.vaticannews.va\/pl\/papiez\/news\/2026-04\/leon-xiv-do-biskupow-kamerunu-jednosc-kluczem-do-pokoju.html\">Czytaj wszystko<\/a>\n                    &nbsp;<\/p>\n                <\/div>\n            <\/div>\n        \n            <div class='col-lg-4 col-md-3 col-sm-6 col-xs-12'>\n                <div class='card p-3 rounded my-2 shadow'>\n                    <img src='https:\/\/www.vaticannews.va\/content\/dam\/vaticannews\/multimedia\/2026\/aprile\/17\/03.jpg\/_jcr_content\/renditions\/cq5dam.thumbnail.cropped.750.422.jpeg' alt='' class='img-fluid d-block border rounded'>\n                    <h3 class='my-2'><strong><a href='https:\/\/www.vaticannews.va\/pl\/swiat\/news\/2026-04\/nuncjusz-apostolski-w-polsce-ksiazka-to-wskaznik-rozwoju-cywili.html' target='_blank'>Nuncjusz apostolski w Polsce: ksi\u0105\u017cka to wska\u017anik rozwoju cywilizacji<\/a><\/strong><\/h3>\n                    <small class='text-muted'>(2026-04-17 10:00)<\/small>\n                    <p>Na Zamku Kr\u00f3lewskim w Warszawie zainaugurowano XXXI Targi Wydawc\u00f3w Katolickich. Wydarzenie otworzy\u0142 nuncjusz apostolski w Polsce, abp Antonio Guido Filipazzi. W swym wyst\u0105pieniu podkre\u015bli\u0142, \u017ce dbanie o czytelnictwo to nie tylko wyzwanie kulturowe, ale kluczowe zadanie duszpasterskie w dobie cyfrowego rozproszenia. Wydarzenie potrwa do niedzieli 19 kwietnia.\n                    <a href=\"https:\/\/www.vaticannews.va\/pl\/swiat\/news\/2026-04\/nuncjusz-apostolski-w-polsce-ksiazka-to-wskaznik-rozwoju-cywili.html\">Czytaj wszystko<\/a>\n                    &nbsp;<\/p>\n                <\/div>\n            <\/div>\n        \n            <div class='col-lg-4 col-md-3 col-sm-6 col-xs-12'>\n                <div class='card p-3 rounded my-2 shadow'>\n                    <img src='https:\/\/www.vaticannews.va\/content\/dam\/vaticannews\/agenzie\/images\/srv\/2026\/04\/08\/2026-04-08-udienza-generale\/1775639470249.JPG\/_jcr_content\/renditions\/cq5dam.thumbnail.cropped.750.422.jpeg' alt='' class='img-fluid d-block border rounded'>\n                    <h3 class='my-2'><strong><a href='https:\/\/www.vaticannews.va\/pl\/papiez\/news\/2026-04\/leon-xiv-maloletni-ochrona.html' target='_blank'>Papie\u017c Leon XIV o ochronie ma\u0142oletnich i kulturze prewencji<\/a><\/strong><\/h3>\n                    <small class='text-muted'>(2026-04-17 07:50)<\/small>\n                    <p>Ochrona ma\u0142oletnich i os\u00f3b bezbronnych nie mo\u017ce ogranicza\u0107 si\u0119 do procedur, lecz powinna kszta\u0142towa\u0107 \u017cycie wsp\u00f3lnot \u2013 czytamy w przes\u0142aniu Papie\u017ca Leona XIV do uczestnik\u00f3w II Og\u00f3lnokrajowego Spotkania Koordynator\u00f3w Terytorialnych ds. Ochrony Ma\u0142oletnich i Os\u00f3b Bezbronnych, odbywaj\u0105cego si\u0119 w dniach 16\u201318 kwietnia w Rzymie. \n                    <a href=\"https:\/\/www.vaticannews.va\/pl\/papiez\/news\/2026-04\/leon-xiv-maloletni-ochrona.html\">Czytaj wszystko<\/a>\n                    &nbsp;<\/p>\n                <\/div>\n            <\/div>\n        \n            <div class='col-lg-4 col-md-3 col-sm-6 col-xs-12'>\n                <div class='card p-3 rounded my-2 shadow'>\n                    <img src='https:\/\/www.vaticannews.va\/content\/dam\/vaticannews\/agenzie\/images\/srv\/2026\/04\/16\/2026-04-16-viaggio-apostolico-in-camerun---congedo-presso-laerop\/1776356775080.JPG\/_jcr_content\/renditions\/cq5dam.thumbnail.cropped.750.422.jpeg' alt='' class='img-fluid d-block border rounded'>\n                    <h3 class='my-2'><strong><a href='https:\/\/www.vaticannews.va\/pl\/papiez\/news\/2026-04\/kamerun-leon-xiv-afryka.html' target='_blank'>Dzi\u015b kulminacja wizyty Leona XIV w Kamerunie: Msza \u015bw. w Duali<\/a><\/strong><\/h3>\n                    <small class='text-muted'>(2026-04-17 07:03)<\/small>\n                    <p>Tysi\u0105ce wiernych, stadion Japoma i centralne przes\u0142anie pokoju \u2013 tak zapowiada si\u0119 trzeci dzie\u0144 wizyty Papie\u017ca Leona XIV w Kamerunie. Ojciec \u015awi\u0119ty o godz. 12.00 b\u0119dzie przewodniczy\u0142 Eucharystii uznawanej za kulminacj\u0119 jego podr\u00f3\u017cy. W programie dnia znalaz\u0142a si\u0119 tak\u017ce wizyta w katolickim szpitalu \u015bw. Paw\u0142a oraz wieczorne spotkanie ze \u015brodowiskiem akademickim w Jaunde. Transmisje na \u017cywo z polskim t\u0142umaczeniem b\u0119da na portalu Vatican News.\n                    <a href=\"https:\/\/www.vaticannews.va\/pl\/papiez\/news\/2026-04\/kamerun-leon-xiv-afryka.html\">Czytaj wszystko<\/a>\n                    &nbsp;<\/p>\n                <\/div>\n            <\/div>\n        \n            <div class='col-lg-4 col-md-3 col-sm-6 col-xs-12'>\n                <div class='card p-3 rounded my-2 shadow'>\n                    <img src='https:\/\/www.vaticannews.va\/content\/dam\/vaticannews\/agenzie\/images\/srv\/2026\/04\/16\/2026-04-16-viaggio-apostolico-in-camerun---incontro-musulmani-in\/1776368171856.jpg\/_jcr_content\/renditions\/cq5dam.thumbnail.cropped.750.422.jpeg' alt='' class='img-fluid d-block border rounded'>\n                    <h3 class='my-2'><strong><a href='https:\/\/www.vaticannews.va\/pl\/papiez\/news\/2026-04\/leon-xiv-muzulmanie-pokoj-jest-zobowiazaniem.html' target='_blank'>Leon XIV na spotkaniu z muzu\u0142manami: pok\u00f3j jest zobowi\u0105zaniem<\/a><\/strong><\/h3>\n                    <small class='text-muted'>(2026-04-16 21:52)<\/small>\n                    <p>Leon XIV spotka\u0142 si\u0119 z grup\u0105 dwunastu przedstawicieli niekt\u00f3rych kameru\u0144skich wsp\u00f3lnot islamskich, z kt\u00f3rych cz\u0119\u015b\u0107 zosta\u0142a przyj\u0119ta przez niego w Rzymie w grudniu ubieg\u0142ego roku. Spotkanie mia\u0142o miejsce w Nuncjaturze. Wraz z tymi oraz innymi wsp\u00f3lnotami Ko\u015bci\u00f3\u0142 realizowuje wsp\u00f3lne projekty maj\u0105ce na celu wsparcie najubo\u017cszej ludno\u015bci w Kamerunie \u2013 poda\u0142o Biuro Prasowe Stolicy Apostolskiej.\n                    <a href=\"https:\/\/www.vaticannews.va\/pl\/papiez\/news\/2026-04\/leon-xiv-muzulmanie-pokoj-jest-zobowiazaniem.html\">Czytaj wszystko<\/a>\n                    &nbsp;<\/p>\n                <\/div>\n            <\/div>\n        \n            <div class='col-lg-4 col-md-3 col-sm-6 col-xs-12'>\n                <div class='card p-3 rounded my-2 shadow'>\n                    <img src='https:\/\/www.vaticannews.va\/content\/dam\/vaticannews\/agenzie\/images\/srv\/2026\/04\/16\/2026-04-16-viaggio-apostolico-in-camerun---santa-messa-allaeropo\/1776349267746.JPG\/_jcr_content\/renditions\/cq5dam.thumbnail.cropped.750.422.jpeg' alt='' class='img-fluid d-block border rounded'>\n                    <h3 class='my-2'><strong><a href='https:\/\/www.vaticannews.va\/pl\/kosciol\/news\/2026-04\/dzisiaj-a-nie-jutro-papiez-w-bamendzie-apeluje-o-pokoj-i-od.html' target='_blank'>\u201eDzisiaj, a nie jutro\u201d \u2013 Papie\u017c w Bamendzie apeluje o pok\u00f3j i odbudow\u0119<\/a><\/strong><\/h3>\n                    <small class='text-muted'>(2026-04-16 19:10)<\/small>\n                    <p>W drugim dniu podr\u00f3\u017cy apostolskiej do Kamerunu Papie\u017c Leon XIV skierowa\u0142 z Bamendy jednoznaczne przes\u0142anie: \u201eczas dzia\u0142ania jest teraz\u201d. Podczas Mszy \u015bw. z udzia\u0142em tysi\u0119cy wiernych i spotkania modlitewnego w sercu regionu dotkni\u0119tego konfliktem wezwa\u0142 do odbudowy nadziei, jedno\u015bci i odpowiedzialno\u015bci za przysz\u0142o\u015b\u0107 kraju.\n                    <a href=\"https:\/\/www.vaticannews.va\/pl\/kosciol\/news\/2026-04\/dzisiaj-a-nie-jutro-papiez-w-bamendzie-apeluje-o-pokoj-i-od.html\">Czytaj wszystko<\/a>\n                    &nbsp;<\/p>\n                <\/div>\n            <\/div>\n            <\/div>\n<\/div>\n<br>\n.\r\n\r\n<!-- \/wp:post-content -->","protected":false},"excerpt":{"rendered":"<p>Transmisja Mszy \u015awi\u0119tej Transmisja dost\u0119pna w czasie godzin Mszy \u015awi\u0119tej. \u00a0 MSZE \u015aWI\u0118TE Ko\u015bci\u00f3\u0142 parafialny Dni powszednie: godz. 6.30, 18.00 Niedziele i \u015bwi\u0119ta: godz. 7.30, 9.00, 10.30, 12.00, 18.00 Filie: Zalesie, ko\u015bci\u00f3\u0142 pw. \u015bw. Anny &#8211; niedziela godz. 9.30 Wyszki, ko\u015bci\u00f3\u0142 pw. \u015bw. Jana Chrzciciela &#8211; niedziela godz. 11.00 Sakrament Pokuty i Pojednania 15 min &hellip; <\/p>\n<p class=\"link-more\"><a href=\"https:\/\/parafia.bystrzyca.eu\/\" class=\"more-link\">Czytaj dalej<span class=\"screen-reader-text\"> \u201e\u2014\u2014\u2014\u2014\u2014\u201d<\/span><\/a><\/p>\n","protected":false},"author":3,"featured_media":0,"parent":0,"menu_order":0,"comment_status":"closed","ping_status":"closed","template":"","meta":{"footnotes":""},"class_list":["post-2","page","type-page","status-publish","hentry"],"_links":{"self":[{"href":"https:\/\/parafia.bystrzyca.eu\/index.php?rest_route=\/wp\/v2\/pages\/2","targetHints":{"allow":["GET"]}}],"collection":[{"href":"https:\/\/parafia.bystrzyca.eu\/index.php?rest_route=\/wp\/v2\/pages"}],"about":[{"href":"https:\/\/parafia.bystrzyca.eu\/index.php?rest_route=\/wp\/v2\/types\/page"}],"author":[{"embeddable":true,"href":"https:\/\/parafia.bystrzyca.eu\/index.php?rest_route=\/wp\/v2\/users\/3"}],"replies":[{"embeddable":true,"href":"https:\/\/parafia.bystrzyca.eu\/index.php?rest_route=%2Fwp%2Fv2%2Fcomments&post=2"}],"version-history":[{"count":82,"href":"https:\/\/parafia.bystrzyca.eu\/index.php?rest_route=\/wp\/v2\/pages\/2\/revisions"}],"predecessor-version":[{"id":4711,"href":"https:\/\/parafia.bystrzyca.eu\/index.php?rest_route=\/wp\/v2\/pages\/2\/revisions\/4711"}],"wp:attachment":[{"href":"https:\/\/parafia.bystrzyca.eu\/index.php?rest_route=%2Fwp%2Fv2%2Fmedia&parent=2"}],"curies":[{"name":"wp","href":"https:\/\/api.w.org\/{rel}","templated":true}]}}