{"id":4651,"date":"2025-06-15T10:05:13","date_gmt":"2025-06-15T10:05:13","guid":{"rendered":"https:\/\/parafia.bystrzyca.eu\/?page_id=4651"},"modified":"2025-06-15T10:11:39","modified_gmt":"2025-06-15T10:11:39","slug":"accessibility-statement","status":"publish","type":"page","link":"https:\/\/parafia.bystrzyca.eu\/?page_id=4651","title":{"rendered":"Deklaracja dost\u0119pno\u015bci"},"content":{"rendered":"\r\n<h6 class=\"wp-block-heading has-text-align-center\">O\u015bwiadczenie dost\u0119pno\u015bci dla parafia.bystrzyca.eu<\/h6>\r\n\r\n\r\n\r\n<p><strong>Parafia pw. \u015aw. Micha\u0142a Archanio\u0142a w Bystrzycy K\u0142odzkiej<\/strong> zobowi\u0105zuje si\u0119 do zapewnienia dost\u0119pno\u015bci cyfrowej osobom z niepe\u0142nosprawno\u015bciami. Ci\u0105gle ulepszamy do\u015bwiadczenie u\u017cytkownika dla wszystkich i stosujemy odpowiednie standardy dost\u0119pno\u015bci.<\/p>\r\n\r\n\r\n\r\n<h6 class=\"wp-block-heading\">Status zgodno\u015bci<\/h6>\r\n\r\n\r\n\r\n<p>Wytyczne dotycz\u0105ce dost\u0119pno\u015bci tre\u015bci internetowych (WCAG) okre\u015blaj\u0105 wymagania dla projektant\u00f3w i deweloper\u00f3w w celu poprawy dost\u0119pno\u015bci dla os\u00f3b niepe\u0142nosprawnych. Definiuj\u0105 trzy poziomy zgodno\u015bci: poziom A, poziom AA i poziom AAA.<\/p>\r\n\r\n\r\n\r\n<p><strong>Parafia pw. \u015aw. Micha\u0142a Archanio\u0142a w Bystrzycy K\u0142odzkiej<\/strong> nieustannie podejmuje wysi\u0142ki maj\u0105ce na celu popraw\u0119 dost\u0119pno\u015bci swojej witryny i us\u0142ug, wierz\u0105c, \u017ce naszym wsp\u00f3lnym moralnym obowi\u0105zkiem jest umo\u017cliwienie bezproblemowego, dost\u0119pnego i nieograniczonego korzystania z nich osobom z niepe\u0142nosprawno\u015bciami.<\/p>\r\n\r\n\r\n\r\n<p>Naszym celem jest udost\u0119pnienie wszystkich stron i tre\u015bci na <strong>parafia.bystrzyca.eu<\/strong>, ale niekt\u00f3re tre\u015bci mog\u0105 jeszcze nie w pe\u0142ni spe\u0142nia\u0107 najwy\u017csze standardy dost\u0119pno\u015bci. Mo\u017ce to by\u0107 spowodowane trudno\u015bciami w okre\u015bleniu najbardziej odpowiedniego rozwi\u0105zania technologicznego.<\/p>\r\n\r\n\r\n\r\n<p>Mo\u017cemy okresowo dokonywa\u0107 przegl\u0105du niniejszego o\u015bwiadczenia w celu uwzgl\u0119dnienia udoskonale\u0144 lub zmian w naszych praktykach dotycz\u0105cych dost\u0119pno\u015bci.<\/p>\r\n\r\n\r\n\r\n<h6 class=\"wp-block-heading\">Uwagi<\/h6>\r\n\r\n\r\n\r\n<p>Zapraszamy do przesy\u0142ania opinii na temat dost\u0119pno\u015bci witryny <strong>Parafia pw. \u015aw. Micha\u0142a Archanio\u0142a w Bystrzycy K\u0142odzkiej<\/strong>. Prosimy o poinformowanie nas, je\u015bli napotkasz bariery dost\u0119pno\u015bci na naszej stronie internetowej:<\/p>\r\n\r\n\r\n\r\n<p>E-mail: <strong>waldemar.jacuk@bystrzyca.eu<\/strong><\/p>\r\n\r\n\r\n\r\n<p>Staramy si\u0119 odpowiada\u0107 na opinie w ci\u0105gu 3\u20135 dni roboczych.<\/p>\r\n\r\n\r\n\r\n<p>O\u015bwiadczenie zosta\u0142o utworzone o 15.06.2025.<\/p>\r\n","protected":false},"excerpt":{"rendered":"<p>O\u015bwiadczenie dost\u0119pno\u015bci dla parafia.bystrzyca.eu Parafia pw. \u015aw. Micha\u0142a Archanio\u0142a w Bystrzycy K\u0142odzkiej zobowi\u0105zuje si\u0119 do zapewnienia dost\u0119pno\u015bci cyfrowej osobom z niepe\u0142nosprawno\u015bciami. Ci\u0105gle ulepszamy do\u015bwiadczenie u\u017cytkownika dla wszystkich i stosujemy odpowiednie standardy dost\u0119pno\u015bci. Status zgodno\u015bci Wytyczne dotycz\u0105ce dost\u0119pno\u015bci tre\u015bci internetowych (WCAG) okre\u015blaj\u0105 wymagania dla projektant\u00f3w i deweloper\u00f3w w celu poprawy dost\u0119pno\u015bci dla os\u00f3b niepe\u0142nosprawnych. Definiuj\u0105 trzy &hellip; <\/p>\n<p class=\"link-more\"><a href=\"https:\/\/parafia.bystrzyca.eu\/?page_id=4651\" class=\"more-link\">Czytaj dalej<span class=\"screen-reader-text\"> \u201eDeklaracja dost\u0119pno\u015bci\u201d<\/span><\/a><\/p>\n","protected":false},"author":3,"featured_media":0,"parent":0,"menu_order":0,"comment_status":"closed","ping_status":"closed","template":"","meta":{"footnotes":""},"class_list":["post-4651","page","type-page","status-publish","hentry"],"_links":{"self":[{"href":"https:\/\/parafia.bystrzyca.eu\/index.php?rest_route=\/wp\/v2\/pages\/4651","targetHints":{"allow":["GET"]}}],"collection":[{"href":"https:\/\/parafia.bystrzyca.eu\/index.php?rest_route=\/wp\/v2\/pages"}],"about":[{"href":"https:\/\/parafia.bystrzyca.eu\/index.php?rest_route=\/wp\/v2\/types\/page"}],"author":[{"embeddable":true,"href":"https:\/\/parafia.bystrzyca.eu\/index.php?rest_route=\/wp\/v2\/users\/3"}],"replies":[{"embeddable":true,"href":"https:\/\/parafia.bystrzyca.eu\/index.php?rest_route=%2Fwp%2Fv2%2Fcomments&post=4651"}],"version-history":[{"count":1,"href":"https:\/\/parafia.bystrzyca.eu\/index.php?rest_route=\/wp\/v2\/pages\/4651\/revisions"}],"predecessor-version":[{"id":4653,"href":"https:\/\/parafia.bystrzyca.eu\/index.php?rest_route=\/wp\/v2\/pages\/4651\/revisions\/4653"}],"wp:attachment":[{"href":"https:\/\/parafia.bystrzyca.eu\/index.php?rest_route=%2Fwp%2Fv2%2Fmedia&parent=4651"}],"curies":[{"name":"wp","href":"https:\/\/api.w.org\/{rel}","templated":true}]}}