{"id":4677,"date":"2025-06-24T20:14:35","date_gmt":"2025-06-24T20:14:35","guid":{"rendered":"https:\/\/parafia.bystrzyca.eu\/?page_id=4677"},"modified":"2025-08-04T18:35:15","modified_gmt":"2025-08-04T18:35:15","slug":"swidnicka-pielgrzymka-na-jasna-gore","status":"publish","type":"page","link":"https:\/\/parafia.bystrzyca.eu\/?page_id=4677","title":{"rendered":"\u015awidnicka Pielgrzymka na Jasn\u0105 G\u00f3r\u0119 &#8211; 01.08-08.08.2025"},"content":{"rendered":"<ol>\n<li><a href=\"https:\/\/parafia.bystrzyca.eu\/wp-content\/uploads\/2025\/06\/pielgrzymka_plakat.png\"><img loading=\"lazy\" decoding=\"async\" class=\"alignnone wp-image-4690 size-full\" src=\"https:\/\/parafia.bystrzyca.eu\/wp-content\/uploads\/2025\/06\/pielgrzymka_plakat.png\" alt=\"\" width=\"1333\" height=\"2000\" srcset=\"https:\/\/parafia.bystrzyca.eu\/wp-content\/uploads\/2025\/06\/pielgrzymka_plakat.png 1333w, https:\/\/parafia.bystrzyca.eu\/wp-content\/uploads\/2025\/06\/pielgrzymka_plakat-200x300.png 200w, https:\/\/parafia.bystrzyca.eu\/wp-content\/uploads\/2025\/06\/pielgrzymka_plakat-682x1024.png 682w, https:\/\/parafia.bystrzyca.eu\/wp-content\/uploads\/2025\/06\/pielgrzymka_plakat-768x1152.png 768w, https:\/\/parafia.bystrzyca.eu\/wp-content\/uploads\/2025\/06\/pielgrzymka_plakat-1024x1536.png 1024w\" sizes=\"auto, (max-width: 767px) 89vw, (max-width: 1000px) 54vw, (max-width: 1071px) 543px, 580px\" \/><\/a><\/li>\n<\/ol>\n<p><strong><span style=\"font-size: 14pt;\"><a href=\"https:\/\/www.facebook.com\/share\/19YD34Vvte\/\" target=\"_blank\" rel=\"noopener\">Relacja z Pielgrzymki na FB<\/a><\/span><\/strong><\/p>\n<p><a href=\"https:\/\/wakcji24.pl\/marek-mendyk-pielgrzymka-to-nowe-przyjaznie\/?fbclid=IwQ0xDSwLZEfhleHRuA2FlbQIxMQABHkG4FxBvqpkwaayh3hDqJbHMfuytS4nVxG-RMMvdM7lOprkjnoeJ-6h67ZxB_aem__R_L7VOk_m0jgZKgB7BP0Q\">Biskup \u015awidnicki Marek Mendyk w rozmowie z Magdalen\u0105 Kapu\u015bci\u0144sk\u0105 opowiada o swoim do\u015bwiadczeniu pielgrzymki, o znaczeniu duchowym pielgrzymowania i osobistych odczuciach kiedy widzi Pielgrzymk\u0119 \u015awidnick\u0105 wchodz\u0105c\u0105 na Jasn\u0105 G\u00f3r\u0119.<\/a><\/p>\n<p><strong><a href=\"https:\/\/pielgrzymkaswidnicka.pl\/komunikat-glownego-przewodnika-xxii-pps\/?fbclid=IwQ0xDSwLpl2ZleHRuA2FlbQIxMQABHpms_U6B9XsBUBASast1QNKzhysk17gRG-OCdI4rLEaljaOWD6GDnO2Lq_fp_aem_-Uxy0EgXrD0UhFcqJxJWjA\">Komunikat G\u0142\u00f3wnego Przewodnika XXII PP\u015a<\/a><\/strong><\/p>\n<p><strong><a href=\"https:\/\/diecezja.swidnica.pl\/aktualnosci\/aktualnosci,1\/zaproszenie-biskupa-swidnickiego-na-xxii-piesza-pielgrzymke-swidnicka-na-jasna-gore,902?fbclid=IwQ0xDSwLpkvBleHRuA2FlbQIxMQABHk6cvCRaor8HMb1go170O-In8k_wq2yVQCh3m8PN52IqsqTARxi23QbPbqf3_aem_8nH4Cvx-9RWuF8QaI3H4zg\">Zaproszenie Biskupa \u015awidnickiego na XXII Piesz\u0105 Pielgrzymk\u0119 \u015awidnick\u0105 na Jasn\u0105 G\u00f3r\u0119<\/a><\/strong><\/p>\n<p><strong><a href=\"https:\/\/share.google\/Jxxdq3snY1VQREjLl\">Aktualno\u015bci z pielgrzymki<\/a><\/strong><\/p>\n<p><a href=\"https:\/\/youtube.com\/live\/Dv84F5Z1xBM?feature=shared\">Dzie\u0144 4 &#8211; Apel Jasnog\u00f3rski &#8211; Popiel\u00f3w<\/a><\/p>\n","protected":false},"excerpt":{"rendered":"<p>Relacja z Pielgrzymki na FB Biskup \u015awidnicki Marek Mendyk w rozmowie z Magdalen\u0105 Kapu\u015bci\u0144sk\u0105 opowiada o swoim do\u015bwiadczeniu pielgrzymki, o znaczeniu duchowym pielgrzymowania i osobistych odczuciach kiedy widzi Pielgrzymk\u0119 \u015awidnick\u0105 wchodz\u0105c\u0105 na Jasn\u0105 G\u00f3r\u0119. Komunikat G\u0142\u00f3wnego Przewodnika XXII PP\u015a Zaproszenie Biskupa \u015awidnickiego na XXII Piesz\u0105 Pielgrzymk\u0119 \u015awidnick\u0105 na Jasn\u0105 G\u00f3r\u0119 Aktualno\u015bci z pielgrzymki Dzie\u0144 4 &hellip; <\/p>\n<p class=\"link-more\"><a href=\"https:\/\/parafia.bystrzyca.eu\/?page_id=4677\" class=\"more-link\">Czytaj dalej<span class=\"screen-reader-text\"> \u201e\u015awidnicka Pielgrzymka na Jasn\u0105 G\u00f3r\u0119 &#8211; 01.08-08.08.2025\u201d<\/span><\/a><\/p>\n","protected":false},"author":3,"featured_media":0,"parent":0,"menu_order":0,"comment_status":"closed","ping_status":"closed","template":"","meta":{"footnotes":""},"class_list":["post-4677","page","type-page","status-publish","hentry"],"_links":{"self":[{"href":"https:\/\/parafia.bystrzyca.eu\/index.php?rest_route=\/wp\/v2\/pages\/4677","targetHints":{"allow":["GET"]}}],"collection":[{"href":"https:\/\/parafia.bystrzyca.eu\/index.php?rest_route=\/wp\/v2\/pages"}],"about":[{"href":"https:\/\/parafia.bystrzyca.eu\/index.php?rest_route=\/wp\/v2\/types\/page"}],"author":[{"embeddable":true,"href":"https:\/\/parafia.bystrzyca.eu\/index.php?rest_route=\/wp\/v2\/users\/3"}],"replies":[{"embeddable":true,"href":"https:\/\/parafia.bystrzyca.eu\/index.php?rest_route=%2Fwp%2Fv2%2Fcomments&post=4677"}],"version-history":[{"count":14,"href":"https:\/\/parafia.bystrzyca.eu\/index.php?rest_route=\/wp\/v2\/pages\/4677\/revisions"}],"predecessor-version":[{"id":4766,"href":"https:\/\/parafia.bystrzyca.eu\/index.php?rest_route=\/wp\/v2\/pages\/4677\/revisions\/4766"}],"wp:attachment":[{"href":"https:\/\/parafia.bystrzyca.eu\/index.php?rest_route=%2Fwp%2Fv2%2Fmedia&parent=4677"}],"curies":[{"name":"wp","href":"https:\/\/api.w.org\/{rel}","templated":true}]}}