{"id":4707,"date":"2025-06-28T21:02:48","date_gmt":"2025-06-28T21:02:48","guid":{"rendered":"https:\/\/parafia.bystrzyca.eu\/?page_id=4707"},"modified":"2025-06-28T21:02:48","modified_gmt":"2025-06-28T21:02:48","slug":"wiesci-z-watykanu","status":"publish","type":"page","link":"https:\/\/parafia.bystrzyca.eu\/?page_id=4707","title":{"rendered":"Wie\u015bci z Watykanu"},"content":{"rendered":"<p><strong><code><div class=\"vatican-news p-0\" style='border: 3px solid #e0e0e0' >\n    \n        <div style='padding: 10px; margin: 0 0 15px 0; background-color: #CC0000'>\n            <a href='https:\/\/www.vaticannews.va\/'><img src='https:\/\/www.vaticannews.va\/etc\/designs\/vatican-news\/release\/library\/main\/images\/vatican-news-header-white_retina.png' width='150' alt='Vatican News'><\/a>\n        <\/div>\n        <h2 style='display: none;' aria-hidden='false'>Vatican News<\/h2>\n            <div class=\"row d-flex justify-content-center align-items-start text-small\">\n    \n            <div class='col-lg-4 col-md-3 col-sm-6 col-xs-12'>\n                <div class='card p-3 rounded my-2 shadow'>\n                    <img src='https:\/\/www.vaticannews.va\/content\/dam\/vaticannews\/multimedia\/2026\/aprile\/15\/WhatsApp-Image-2026-04-15-at-16.15.08.jpg\/_jcr_content\/renditions\/cq5dam.thumbnail.cropped.750.422.jpeg' alt='' class='img-fluid d-block border rounded'>\n                    <h3 class='my-2'><strong><a href='https:\/\/www.vaticannews.va\/pl\/swiat\/news\/2026-04\/oczy-wojny-wystawa-bazylika-sw-pawla-za-murami-rzym.html' target='_blank'>Wojna oczami polskich reporter\u00f3w: wystawa w Bazylice \u015bw. Paw\u0142a<\/a><\/strong><\/h3>\n                    <small class='text-muted'>(2026-04-17 09:05)<\/small>\n                    <p>W jednej z czterech bazylik papieskich w Rzymie, gdzie spoczywaj\u0105 szcz\u0105tki Aposto\u0142a Paw\u0142a, dzi\u0119ki staraniom ambasad Rzeczpospolitej i Ukrainy otwarta zosta\u0142a wystawa fotograficzna \u201eOczy wojny\u201d. Ukazuje ona wojenne cierpienia Ukrainy w czasie wojny na pe\u0142n\u0105 skal\u0119 po rosyjskiej agresji. Pomys\u0142odawc\u0105 i realizatorem ekspozycji, prezentowanej ju\u017c w ponad 20 krajach, w tym w Wietnamie, by\u0142 Press Club Polska.\n                    <a href=\"https:\/\/www.vaticannews.va\/pl\/swiat\/news\/2026-04\/oczy-wojny-wystawa-bazylika-sw-pawla-za-murami-rzym.html\">Czytaj wszystko<\/a>\n                    &nbsp;<\/p>\n                <\/div>\n            <\/div>\n        \n            <div class='col-lg-4 col-md-3 col-sm-6 col-xs-12'>\n                <div class='card p-3 rounded my-2 shadow'>\n                    <img src='https:\/\/www.vaticannews.va\/content\/dam\/vaticannews\/agenzie\/images\/srv\/2026\/04\/08\/2026-04-08-udienza-generale\/1775639470249.JPG\/_jcr_content\/renditions\/cq5dam.thumbnail.cropped.750.422.jpeg' alt='' class='img-fluid d-block border rounded'>\n                    <h3 class='my-2'><strong><a href='https:\/\/www.vaticannews.va\/pl\/papiez\/news\/2026-04\/leon-xiv-maloletni-ochrona.html' target='_blank'>Papie\u017c Leon XIV o ochronie ma\u0142oletnich i kulturze prewencji<\/a><\/strong><\/h3>\n                    <small class='text-muted'>(2026-04-17 07:50)<\/small>\n                    <p>Ochrona ma\u0142oletnich i os\u00f3b bezbronnych nie mo\u017ce ogranicza\u0107 si\u0119 do procedur, lecz powinna kszta\u0142towa\u0107 \u017cycie wsp\u00f3lnot \u2013 czytamy w przes\u0142aniu Papie\u017ca Leona XIV do uczestnik\u00f3w II Og\u00f3lnokrajowego Spotkania Koordynator\u00f3w Terytorialnych ds. ochrony ma\u0142oletnich i os\u00f3b bezbronnych, odbywaj\u0105cego si\u0119 w dniach 16\u201318 kwietnia w Rzymie. \n                    <a href=\"https:\/\/www.vaticannews.va\/pl\/papiez\/news\/2026-04\/leon-xiv-maloletni-ochrona.html\">Czytaj wszystko<\/a>\n                    &nbsp;<\/p>\n                <\/div>\n            <\/div>\n        \n            <div class='col-lg-4 col-md-3 col-sm-6 col-xs-12'>\n                <div class='card p-3 rounded my-2 shadow'>\n                    <img src='https:\/\/www.vaticannews.va\/content\/dam\/vaticannews\/agenzie\/images\/srv\/2026\/04\/16\/2026-04-16-viaggio-apostolico-in-camerun---congedo-presso-laerop\/1776356775080.JPG\/_jcr_content\/renditions\/cq5dam.thumbnail.cropped.750.422.jpeg' alt='' class='img-fluid d-block border rounded'>\n                    <h3 class='my-2'><strong><a href='https:\/\/www.vaticannews.va\/pl\/papiez\/news\/2026-04\/kamerun-leon-xiv-afryka.html' target='_blank'>Dzi\u015b kulminacja wizyty Leona XIV w Kamerunie: Msza \u015bw. w Duali<\/a><\/strong><\/h3>\n                    <small class='text-muted'>(2026-04-17 07:03)<\/small>\n                    <p>Miliony wiernych, stadion Japoma i centralne przes\u0142anie pokoju \u2013 tak zapowiada si\u0119 trzeci dzie\u0144 wizyty Papie\u017ca Leona XIV w Kamerunie. Ojciec \u015awi\u0119ty o godz. 12.00 b\u0119dzie przewodniczy\u0142 Eucharystii uznawanej za kulminacj\u0119 jego podr\u00f3\u017cy. W programie dnia znalaz\u0142a si\u0119 tak\u017ce wizyta w katolickim szpitalu \u015bw. Paw\u0142a oraz wieczorne spotkanie ze \u015brodowiskiem akademickim w Jaunde. Transmisje na \u017cywo z polskim t\u0142umaczeniem b\u0119da na portalu Vatican News.\n                    <a href=\"https:\/\/www.vaticannews.va\/pl\/papiez\/news\/2026-04\/kamerun-leon-xiv-afryka.html\">Czytaj wszystko<\/a>\n                    &nbsp;<\/p>\n                <\/div>\n            <\/div>\n        \n            <div class='col-lg-4 col-md-3 col-sm-6 col-xs-12'>\n                <div class='card p-3 rounded my-2 shadow'>\n                    <img src='https:\/\/www.vaticannews.va\/content\/dam\/vaticannews\/agenzie\/images\/srv\/2026\/04\/16\/2026-04-16-viaggio-apostolico-in-camerun---incontro-musulmani-in\/1776368171856.jpg\/_jcr_content\/renditions\/cq5dam.thumbnail.cropped.750.422.jpeg' alt='' class='img-fluid d-block border rounded'>\n                    <h3 class='my-2'><strong><a href='https:\/\/www.vaticannews.va\/pl\/papiez\/news\/2026-04\/leon-xiv-muzulmanie-pokoj-jest-zobowiazaniem.html' target='_blank'>Leon XIV na spotkaniu z muzu\u0142manami: pok\u00f3j jest zobowi\u0105zaniem<\/a><\/strong><\/h3>\n                    <small class='text-muted'>(2026-04-16 21:52)<\/small>\n                    <p>Leon XIV spotka\u0142 si\u0119 z grup\u0105 dwunastu przedstawicieli niekt\u00f3rych kameru\u0144skich wsp\u00f3lnot islamskich, z kt\u00f3rych cz\u0119\u015b\u0107 zosta\u0142a przyj\u0119ta przez niego w Rzymie w grudniu ubieg\u0142ego roku. Spotkanie mia\u0142o miejsce w Nuncjaturze. Wraz z tymi oraz innymi wsp\u00f3lnotami Ko\u015bci\u00f3\u0142 realizowuje wsp\u00f3lne projekty maj\u0105ce na celu wsparcie najubo\u017cszej ludno\u015bci w Kamerunie \u2013 poda\u0142o Biuro Prasowe Stolicy Apostolskiej.\n                    <a href=\"https:\/\/www.vaticannews.va\/pl\/papiez\/news\/2026-04\/leon-xiv-muzulmanie-pokoj-jest-zobowiazaniem.html\">Czytaj wszystko<\/a>\n                    &nbsp;<\/p>\n                <\/div>\n            <\/div>\n        \n            <div class='col-lg-4 col-md-3 col-sm-6 col-xs-12'>\n                <div class='card p-3 rounded my-2 shadow'>\n                    <img src='https:\/\/www.vaticannews.va\/content\/dam\/vaticannews\/agenzie\/images\/srv\/2026\/04\/16\/2026-04-16-viaggio-apostolico-in-camerun---santa-messa-allaeropo\/1776349267746.JPG\/_jcr_content\/renditions\/cq5dam.thumbnail.cropped.750.422.jpeg' alt='' class='img-fluid d-block border rounded'>\n                    <h3 class='my-2'><strong><a href='https:\/\/www.vaticannews.va\/pl\/kosciol\/news\/2026-04\/dzisiaj-a-nie-jutro-papiez-w-bamendzie-apeluje-o-pokoj-i-od.html' target='_blank'>\u201eDzisiaj, a nie jutro\u201d \u2013 Papie\u017c w Bamendzie apeluje o pok\u00f3j i odbudow\u0119<\/a><\/strong><\/h3>\n                    <small class='text-muted'>(2026-04-16 19:10)<\/small>\n                    <p>W drugim dniu podr\u00f3\u017cy apostolskiej do Kamerunu Papie\u017c Leon XIV skierowa\u0142 z Bamendy jednoznaczne przes\u0142anie: \u201eczas dzia\u0142ania jest teraz\u201d. Podczas Mszy \u015bw. z udzia\u0142em tysi\u0119cy wiernych i spotkania modlitewnego w sercu regionu dotkni\u0119tego konfliktem wezwa\u0142 do odbudowy nadziei, jedno\u015bci i odpowiedzialno\u015bci za przysz\u0142o\u015b\u0107 kraju.\n                    <a href=\"https:\/\/www.vaticannews.va\/pl\/kosciol\/news\/2026-04\/dzisiaj-a-nie-jutro-papiez-w-bamendzie-apeluje-o-pokoj-i-od.html\">Czytaj wszystko<\/a>\n                    &nbsp;<\/p>\n                <\/div>\n            <\/div>\n        \n            <div class='col-lg-4 col-md-3 col-sm-6 col-xs-12'>\n                <div class='card p-3 rounded my-2 shadow'>\n                    <img src='https:\/\/www.vaticannews.va\/content\/dam\/vaticannews\/multimedia\/2020\/06\/18\/00527_31072008-ok.jpg\/_jcr_content\/renditions\/cq5dam.thumbnail.cropped.750.422.jpeg' alt='' class='img-fluid d-block border rounded'>\n                    <h3 class='my-2'><strong><a href='https:\/\/www.vaticannews.va\/pl\/watykan\/news\/2026-04\/swiadek-nadziei-w-czasach-ciemnosci-pamiec-o-benedykcie-xvi.html' target='_blank'>\u015awiadek nadziei w czasach ciemno\u015bci \u2013 pami\u0119\u0107 o Benedykcie XVI<\/a><\/strong><\/h3>\n                    <small class='text-muted'>(2026-04-16 18:18)<\/small>\n                    <p>W Bazylice Watyka\u0144skiej odprawiono uroczyst\u0105 Msz\u0119 \u015bw. z okazji 99. rocznicy urodzin Josepha Ratzingera, papie\u017ca Benedykta XVI. Liturgii przewodniczy\u0142 oraz homili\u0119 wyg\u0142osi\u0142 prefekt Dykasterii ds. Popierania Jedno\u015bci Chrze\u015bcijan, kard. Kurt Koch. Obchody rocznicy urodzin nast\u0119pcy \u015bw. Jana Paw\u0142a II sta\u0142y si\u0119 wyj\u0105tkow\u0105 okazj\u0105 do refleksji nad sensem \u017cycia jako daru oraz nad chrze\u015bcija\u0144skim powo\u0142aniem do dawania \u015bwiadectwa wiary.\n                    <a href=\"https:\/\/www.vaticannews.va\/pl\/watykan\/news\/2026-04\/swiadek-nadziei-w-czasach-ciemnosci-pamiec-o-benedykcie-xvi.html\">Czytaj wszystko<\/a>\n                    &nbsp;<\/p>\n                <\/div>\n            <\/div>\n        \n            <div class='col-lg-4 col-md-3 col-sm-6 col-xs-12'>\n                <div class='card p-3 rounded my-2 shadow'>\n                    <img src='https:\/\/www.vaticannews.va\/content\/dam\/vaticannews\/multimedia\/2026\/aprile\/15\/film-2.jpg\/_jcr_content\/renditions\/cq5dam.thumbnail.cropped.750.422.jpeg' alt='' class='img-fluid d-block border rounded'>\n                    <h3 class='my-2'><strong><a href='https:\/\/www.vaticannews.va\/pl\/swiat\/news\/2026-04\/maryja-matka-papieza-film-o-tajemnicy-duchowej-sily-sw-jan.html' target='_blank'>\u201eMaryja. Matka Papie\u017ca\u201d \u2013 film o tajemnicy duchowej si\u0142y \u015bw. Jana Paw\u0142a II<\/a><\/strong><\/h3>\n                    <small class='text-muted'>(2026-04-16 17:01)<\/small>\n                    <p>17 kwietnia do kin w ca\u0142ej Polsce trafi film dokumentalny pokazuj\u0105cy osobist\u0105 relacj\u0119 \u015bw. Jana Paw\u0142a II z Matk\u0105 Bo\u017c\u0105. Jak podkre\u015blaj\u0105 tw\u00f3rcy, \u201eMaryja. Matka Papie\u017ca\u201d to klucz do zrozumienia \u017cycia i \u015bwi\u0119to\u015bci Papie\u017ca Polaka. \u201eTen film to obecnie najbardziej aktualna produkcja w kinie. Odpowiada na sytuacj\u0119, w kt\u00f3rej znajduje si\u0119 wielu z nas: w l\u0119ku wojny i niepewno\u015bci jutra. Niesie ze sob\u0105 przes\u0142anie relacji z Matk\u0105 Bo\u017c\u0105\u201d \u2013 m\u00f3wi Vatican News re\u017cyser Jan Sobierajski.\n                    <a href=\"https:\/\/www.vaticannews.va\/pl\/swiat\/news\/2026-04\/maryja-matka-papieza-film-o-tajemnicy-duchowej-sily-sw-jan.html\">Czytaj wszystko<\/a>\n                    &nbsp;<\/p>\n                <\/div>\n            <\/div>\n        \n            <div class='col-lg-4 col-md-3 col-sm-6 col-xs-12'>\n                <div class='card p-3 rounded my-2 shadow'>\n                    <img src='https:\/\/www.vaticannews.va\/content\/dam\/vaticannews\/agenzie\/images\/srv\/2026\/04\/16\/2026-04-16-viaggio-apostolico-in-camerun---santa-messa-allaeropo\/1776350467773.JPG\/_jcr_content\/renditions\/cq5dam.thumbnail.cropped.750.422.jpeg' alt='' class='img-fluid d-block border rounded'>\n                    <h3 class='my-2'><strong><a href='https:\/\/www.vaticannews.va\/pl\/papiez\/news\/2026-04\/czas-przemiany-jest-teraz-papiez-w-bamendzie.html' target='_blank'>\u201eCzas przemiany jest teraz\u201d: Papie\u017c w Bamendzie<\/a><\/strong><\/h3>\n                    <small class='text-muted'>(2026-04-16 16:40)<\/small>\n                    <p>W obecno\u015bci oko\u0142o 20 tysi\u0119cy wiernych Ojciec \u015awi\u0119ty celebrowa\u0142 Msz\u0119 \u015awi\u0119t\u0105 na lotnisku w Bamendzie. W homilii Leona XIV wybrzmia\u0142o mocne wezwanie do odbudowy nadziei, odwagi wiary i odpowiedzialno\u015bci za przysz\u0142o\u015b\u0107 spo\u0142ecze\u0144stwa. W obliczu licznych kryzys\u00f3w pad\u0142o jednoznaczne przypomnienie: czas dzia\u0142ania jest teraz.\n                    <a href=\"https:\/\/www.vaticannews.va\/pl\/papiez\/news\/2026-04\/czas-przemiany-jest-teraz-papiez-w-bamendzie.html\">Czytaj wszystko<\/a>\n                    &nbsp;<\/p>\n                <\/div>\n            <\/div>\n        \n            <div class='col-lg-4 col-md-3 col-sm-6 col-xs-12'>\n                <div class='card p-3 rounded my-2 shadow'>\n                    <img src='https:\/\/www.vaticannews.va\/content\/dam\/vaticannews\/agenzie\/images\/srv\/2026\/04\/16\/15\/1776344467734.JPG\/_jcr_content\/renditions\/cq5dam.thumbnail.cropped.750.422.jpeg' alt='' class='img-fluid d-block border rounded'>\n                    <h3 class='my-2'><strong><a href='https:\/\/www.vaticannews.va\/pl\/kosciol\/news\/2026-04\/kamerunski-biskup-dzieki-papiezowi-jest-szansa-na-pokoj.html' target='_blank'>Kameru\u0144ski biskup: dzi\u0119ki Papie\u017cowi jest szansa na pok\u00f3j<\/a><\/strong><\/h3>\n                    <small class='text-muted'>(2026-04-16 16:27)<\/small>\n                    <p>Biskup Michael Miabesue Bibi z diecezji Buena w regionie Bamenda, gdzie dzi\u015b przyby\u0142 Leon XIV, w wywiadzie dla medi\u00f3w watyka\u0144skich wyrazi\u0142 nadziej\u0119, \u017ce papieska pielgrzymka pomo\u017ce zako\u0144czy\u0107 g\u0142\u0119boki konflikt spo\u0142eczny, trwaj\u0105cy w Kamerunie od 10 lat. \n                    <a href=\"https:\/\/www.vaticannews.va\/pl\/kosciol\/news\/2026-04\/kamerunski-biskup-dzieki-papiezowi-jest-szansa-na-pokoj.html\">Czytaj wszystko<\/a>\n                    &nbsp;<\/p>\n                <\/div>\n            <\/div>\n        \n            <div class='col-lg-4 col-md-3 col-sm-6 col-xs-12'>\n                <div class='card p-3 rounded my-2 shadow'>\n                    <img src='https:\/\/www.vaticannews.va\/content\/dam\/vaticannews\/agenzie\/images\/srv\/2026\/04\/16\/2026-04-16-viaggio-apostolico-in-camerun---incontro-per-la-pace-\/1776341177898.JPG\/_jcr_content\/renditions\/cq5dam.thumbnail.cropped.750.422.jpeg' alt='' class='img-fluid d-block border rounded'>\n                    <h3 class='my-2'><strong><a href='https:\/\/www.vaticannews.va\/pl\/kosciol\/news\/2026-04\/wolanie-o-pokoj-w-katedrze-w-bamendzie.html' target='_blank'>Bamenda: \u0142zy, wiara i wsp\u00f3lne wo\u0142anie o pok\u00f3j<\/a><\/strong><\/h3>\n                    <small class='text-muted'>(2026-04-16 14:58)<\/small>\n                    <p>W katedrze \u015bw. J\u00f3zefa w Bamendzie spotkanie Leona XIV z przedstawicielami religii i wierze\u0144 Kamerunu sta\u0142o si\u0119 jednym z bardziej poruszaj\u0105cych moment\u00f3w drugiego dnia papieskiej wizyty w tym kraju. Nie by\u0142 to jedynie oficjalny punkt pielgrzymki, lecz wydarzenie naznaczone \u0142zami, pami\u0119ci\u0105 o tragedii wojny i wsp\u00f3lnym wo\u0142aniem o pok\u00f3j.\n                    <a href=\"https:\/\/www.vaticannews.va\/pl\/kosciol\/news\/2026-04\/wolanie-o-pokoj-w-katedrze-w-bamendzie.html\">Czytaj wszystko<\/a>\n                    &nbsp;<\/p>\n                <\/div>\n            <\/div>\n            <\/div>\n<\/div>\n<br>\n<\/code>.<\/strong><\/p>\n","protected":false},"excerpt":{"rendered":"<p>.<\/p>\n","protected":false},"author":3,"featured_media":0,"parent":0,"menu_order":0,"comment_status":"closed","ping_status":"closed","template":"","meta":{"footnotes":""},"class_list":["post-4707","page","type-page","status-publish","hentry"],"_links":{"self":[{"href":"https:\/\/parafia.bystrzyca.eu\/index.php?rest_route=\/wp\/v2\/pages\/4707","targetHints":{"allow":["GET"]}}],"collection":[{"href":"https:\/\/parafia.bystrzyca.eu\/index.php?rest_route=\/wp\/v2\/pages"}],"about":[{"href":"https:\/\/parafia.bystrzyca.eu\/index.php?rest_route=\/wp\/v2\/types\/page"}],"author":[{"embeddable":true,"href":"https:\/\/parafia.bystrzyca.eu\/index.php?rest_route=\/wp\/v2\/users\/3"}],"replies":[{"embeddable":true,"href":"https:\/\/parafia.bystrzyca.eu\/index.php?rest_route=%2Fwp%2Fv2%2Fcomments&post=4707"}],"version-history":[{"count":1,"href":"https:\/\/parafia.bystrzyca.eu\/index.php?rest_route=\/wp\/v2\/pages\/4707\/revisions"}],"predecessor-version":[{"id":4708,"href":"https:\/\/parafia.bystrzyca.eu\/index.php?rest_route=\/wp\/v2\/pages\/4707\/revisions\/4708"}],"wp:attachment":[{"href":"https:\/\/parafia.bystrzyca.eu\/index.php?rest_route=%2Fwp%2Fv2%2Fmedia&parent=4707"}],"curies":[{"name":"wp","href":"https:\/\/api.w.org\/{rel}","templated":true}]}}